{"id":91,"date":"2022-05-24T16:05:06","date_gmt":"2022-05-24T16:05:06","guid":{"rendered":"https:\/\/bizbymartin.com\/?page_id=91"},"modified":"2022-11-23T18:04:33","modified_gmt":"2022-11-23T18:04:33","slug":"ana-elvira-martin-meza","status":"publish","type":"page","link":"https:\/\/bizbymartin.com\/","title":{"rendered":"BIOGRAF\u00cdA"},"content":{"rendered":"<div class=\"wp-block-group is-layout-flow wp-block-group-is-layout-flow\"><figure class=\"wp-block-image size-full\"><img loading=\"lazy\" decoding=\"async\" width=\"240\" height=\"320\" src=\"https:\/\/bizbymartin.com\/wp-content\/uploads\/2022\/08\/thumb_IMG_E6147_1024.jpeg\" alt=\"\" class=\"wp-image-122\" srcset=\"https:\/\/bizbymartin.com\/wp-content\/uploads\/2022\/08\/thumb_IMG_E6147_1024.jpeg 240w, https:\/\/bizbymartin.com\/wp-content\/uploads\/2022\/08\/thumb_IMG_E6147_1024-225x300.jpeg 225w\" sizes=\"auto, (max-width: 240px) 100vw, 240px\" \/><\/figure>\n\n<p>ESCRITORA ANA ELVIRA MARTIN MEZA<\/p>\n\n<p>Nacida en la Ciudad de M\u00e9xico, un 30 de Junio de 1964, en el seno de una familia de clase media de la ciudad de M\u00e9xico junto a sus tres hermanos.&nbsp; Su&nbsp; padre de origen cubano, V\u00edctor Enrique Martin y su&nbsp; madre mexicana Elvira Meza.&nbsp;<\/p>\n\n<p>Estudio cinco semestres de Ciencias Pol\u00edticas en Acatl\u00e1n. En la Escuela Bancaria y Comercial culminar\u00eda sus estudios universitarios de Administraci\u00f3n de Empresas.&nbsp;<\/p>\n\n<p>En 1989&nbsp; celebr\u00f3 su primer matrimonio , del cual concibi\u00f3 a su \u00fanica hija Anita, el matrimonio dur\u00f3 4 a\u00f1os, la separaci\u00f3n ocurri\u00f3 en 1993. .&nbsp;<\/p>\n\n<p>Su gusto por la literatura lo heredo de su padre, quien fomento la lectura durante sus a\u00f1os escolares. Pero su pasi\u00f3n por los libros inici\u00f3 por la amiga cubana de su madre, quien adem\u00e1s de proporcionarle muchos nuevos libros , le ense\u00f1aba a comprenderlos, explorarlos y criticarlos. Toda&nbsp; su vida la escritura fue su medio terap\u00e9utico de desahogo.&nbsp;<\/p>\n\n<p>Durante once a\u00f1os trabajo en instituciones bancarias, posteriormente se uni\u00f3 al proyecto familiar como administradora del negocio de reventa de equipos inform\u00e1ticos que su hermano mayor hab\u00eda iniciado.&nbsp;<\/p>\n\n<p>En el&nbsp; 2004, vio la luz su primer libro \u201cEsta de Moda ser Gay?\u201d, un compendio de 6 historias se amor, en sus diferentes facetas y expectativas, invitando al lector a fomentar la tolerancia e impulsar el amor, en todas sus expresiones. El libro tuvo una&nbsp; excelente aceptaci\u00f3n en librer\u00edas de la Ciudad de M\u00e9xico. Y se imprimieron dos tirajes m\u00e1s para su venta. A pesar de que la presentaci\u00f3n del libro hab\u00eda sido boicoteada por tab\u00faes ideol\u00f3gicos que consideraban inmoral el tema de la homosexualidad.&nbsp;<\/p>\n\n<p>Fue en ese mismo a\u00f1o&nbsp; que comenz\u00f3 a colaborar en \u201cFundaci\u00f3n M\u00e9xico Unido\u201d como escritora independiente, fomentando los &nbsp; valores sociales, una vida sana y c\u00edvica. Ana Elvira particip\u00f3&nbsp; desde 2004 hasta 2007 , publicando m\u00e1s de 70 art\u00edculos.<\/p>\n\n<p>En 2007, public\u00f3 en la ciudad de M\u00e9xico su segundo libro : \u201cMis d\u00edas junto al Mar\u201d donde relata las experiencias vividas durante sus a\u00f1os de auto exilio en el Puerto de Veracruz. El libro se present\u00f3 en la librer\u00eda del S\u00f3tano de Coyoac\u00e1n vendi\u00e9ndose en diversas librer\u00edas de la ciudad. A partir de esa fecha est\u00e1n todos sus libros en E-Books disponibles a nivel mundial.&nbsp;<\/p>\n\n<p>En 2010 por razones laborales migr\u00f3&nbsp; a M\u00fanich, junto&nbsp; con su hija, donde inicio una aventura profesional, cultural e idiom\u00e1tica enriquecedora. Adem\u00e1s conoci\u00f3 a quien ser\u00eda su segundo esposo y compa\u00f1ero ideal&nbsp; en 2016.&nbsp;<\/p>\n\n<p>En&nbsp; Enero 2022 , en la Ciudad de M\u00e9xico, y en Febrero del mismo a\u00f1o en M\u00fanich, se presenta &nbsp; su tercer libro: \u201cLas Aves de mi Mente\u201d un profundo libro que describe la vida de un hombre que tras padecer la enfermedad del olvido \u201cAlzheimer\u201d , comienza a recordar justo al momento de partir.&nbsp;<\/p>\n\n<p>Actualmente disponible mundialmente sus tres libros a trav\u00e9s de Amazon, IBook&nbsp; y Google Book , adem\u00e1s de librer\u00edas con el ejemplar f\u00edsico en la ciudad de M\u00e9xico.&nbsp;<\/p>\n\n<p>Estrena su Pagina Web www.bizbymartin.com&nbsp; , donde encontraran los lectores un Blog para conocer sobre la autora y temas literarios y culturales&nbsp; de inter\u00e9s.&nbsp;<\/p>\n\n<p>Ana Elvira Martin-Meza&nbsp;<\/p>\n\n<p><\/p><\/div><p><\/p>","protected":false},"excerpt":{"rendered":"<p>ESCRITORA ANA ELVIRA MARTIN MEZA Nacida en la Ciudad de M\u00e9xico, un 30 de Junio de 1964, en el seno de una familia de clase media de la ciudad de M\u00e9xico junto a sus tres hermanos.&nbsp; Su&nbsp; padre de origen cubano, V\u00edctor Enrique Martin y su&nbsp; madre mexicana Elvira Meza.&nbsp; Estudio cinco semestres de Ciencias <a class=\"read-more\" href=\"https:\/\/bizbymartin.com\/\">READ MORE<\/a><\/p>\n","protected":false},"author":1,"featured_media":0,"parent":0,"menu_order":0,"comment_status":"closed","ping_status":"closed","template":"","meta":{"footnotes":""},"class_list":["post-91","page","type-page","status-publish","hentry"],"yoast_head":"<!-- This site is optimized with the Yoast SEO plugin v23.7 - https:\/\/yoast.com\/wordpress\/plugins\/seo\/ -->\n<title>BIOGRAF\u00cdA - Ana Elvira Martin Meza<\/title>\n<meta name=\"description\" content=\"Ana Elvira Martin Meza Escritora Mexicana Mujer poderosa y creadora\" \/>\n<meta name=\"robots\" content=\"index, follow, max-snippet:-1, max-image-preview:large, max-video-preview:-1\" \/>\n<link rel=\"canonical\" href=\"https:\/\/bizbymartin.com\/\" \/>\n<meta property=\"og:locale\" content=\"en_US\" \/>\n<meta property=\"og:type\" content=\"article\" \/>\n<meta property=\"og:title\" content=\"BIOGRAF\u00cdA - Ana Elvira Martin Meza\" \/>\n<meta property=\"og:description\" content=\"Ana Elvira Martin Meza Escritora Mexicana Mujer poderosa y creadora\" \/>\n<meta property=\"og:url\" content=\"https:\/\/bizbymartin.com\/\" \/>\n<meta property=\"og:site_name\" content=\"Ana Elvira Martin Meza\" \/>\n<meta property=\"article:modified_time\" content=\"2022-11-23T18:04:33+00:00\" \/>\n<meta property=\"og:image\" content=\"https:\/\/bizbymartin.com\/wp-content\/uploads\/2022\/08\/thumb_IMG_E6147_1024.jpeg\" \/>\n<meta name=\"twitter:card\" content=\"summary_large_image\" \/>\n<meta name=\"twitter:label1\" content=\"Est. reading time\" \/>\n\t<meta name=\"twitter:data1\" content=\"3 minutes\" \/>\n<script type=\"application\/ld+json\" class=\"yoast-schema-graph\">{\"@context\":\"https:\/\/schema.org\",\"@graph\":[{\"@type\":\"WebPage\",\"@id\":\"https:\/\/bizbymartin.com\/\",\"url\":\"https:\/\/bizbymartin.com\/\",\"name\":\"BIOGRAF\u00cdA - Ana Elvira Martin Meza\",\"isPartOf\":{\"@id\":\"https:\/\/bizbymartin.com\/#website\"},\"primaryImageOfPage\":{\"@id\":\"https:\/\/bizbymartin.com\/#primaryimage\"},\"image\":{\"@id\":\"https:\/\/bizbymartin.com\/#primaryimage\"},\"thumbnailUrl\":\"https:\/\/bizbymartin.com\/wp-content\/uploads\/2022\/08\/thumb_IMG_E6147_1024.jpeg\",\"datePublished\":\"2022-05-24T16:05:06+00:00\",\"dateModified\":\"2022-11-23T18:04:33+00:00\",\"description\":\"Ana Elvira Martin Meza Escritora Mexicana Mujer poderosa y creadora\",\"breadcrumb\":{\"@id\":\"https:\/\/bizbymartin.com\/#breadcrumb\"},\"inLanguage\":\"en-US\",\"potentialAction\":[{\"@type\":\"ReadAction\",\"target\":[\"https:\/\/bizbymartin.com\/\"]}]},{\"@type\":\"ImageObject\",\"inLanguage\":\"en-US\",\"@id\":\"https:\/\/bizbymartin.com\/#primaryimage\",\"url\":\"https:\/\/bizbymartin.com\/wp-content\/uploads\/2022\/08\/thumb_IMG_E6147_1024.jpeg\",\"contentUrl\":\"https:\/\/bizbymartin.com\/wp-content\/uploads\/2022\/08\/thumb_IMG_E6147_1024.jpeg\",\"width\":240,\"height\":320},{\"@type\":\"BreadcrumbList\",\"@id\":\"https:\/\/bizbymartin.com\/#breadcrumb\",\"itemListElement\":[{\"@type\":\"ListItem\",\"position\":1,\"name\":\"Home\",\"item\":\"https:\/\/bizbymartin.com\/\"},{\"@type\":\"ListItem\",\"position\":2,\"name\":\"BIOGRAF\u00cdA\"}]},{\"@type\":\"WebSite\",\"@id\":\"https:\/\/bizbymartin.com\/#website\",\"url\":\"https:\/\/bizbymartin.com\/\",\"name\":\"Ana Elvira Martin Meza\",\"description\":\"Bizby Martin\",\"publisher\":{\"@id\":\"https:\/\/bizbymartin.com\/#\/schema\/person\/a8735267575ee2ec9607d57934c0f9c7\"},\"potentialAction\":[{\"@type\":\"SearchAction\",\"target\":{\"@type\":\"EntryPoint\",\"urlTemplate\":\"https:\/\/bizbymartin.com\/?s={search_term_string}\"},\"query-input\":{\"@type\":\"PropertyValueSpecification\",\"valueRequired\":true,\"valueName\":\"search_term_string\"}}],\"inLanguage\":\"en-US\"},{\"@type\":[\"Person\",\"Organization\"],\"@id\":\"https:\/\/bizbymartin.com\/#\/schema\/person\/a8735267575ee2ec9607d57934c0f9c7\",\"name\":\"Bizby\",\"image\":{\"@type\":\"ImageObject\",\"inLanguage\":\"en-US\",\"@id\":\"https:\/\/bizbymartin.com\/#\/schema\/person\/image\/\",\"url\":\"https:\/\/bizbymartin.com\/wp-content\/uploads\/2022\/03\/lasavesmente12.jpg\",\"contentUrl\":\"https:\/\/bizbymartin.com\/wp-content\/uploads\/2022\/03\/lasavesmente12.jpg\",\"width\":1500,\"height\":1087,\"caption\":\"Bizby\"},\"logo\":{\"@id\":\"https:\/\/bizbymartin.com\/#\/schema\/person\/image\/\"},\"sameAs\":[\"http:\/\/bizbymartin.com\"]}]}<\/script>\n<!-- \/ Yoast SEO plugin. -->","yoast_head_json":{"title":"BIOGRAF\u00cdA - Ana Elvira Martin Meza","description":"Ana Elvira Martin Meza Escritora Mexicana Mujer poderosa y creadora","robots":{"index":"index","follow":"follow","max-snippet":"max-snippet:-1","max-image-preview":"max-image-preview:large","max-video-preview":"max-video-preview:-1"},"canonical":"https:\/\/bizbymartin.com\/","og_locale":"en_US","og_type":"article","og_title":"BIOGRAF\u00cdA - Ana Elvira Martin Meza","og_description":"Ana Elvira Martin Meza Escritora Mexicana Mujer poderosa y creadora","og_url":"https:\/\/bizbymartin.com\/","og_site_name":"Ana Elvira Martin Meza","article_modified_time":"2022-11-23T18:04:33+00:00","og_image":[{"url":"https:\/\/bizbymartin.com\/wp-content\/uploads\/2022\/08\/thumb_IMG_E6147_1024.jpeg"}],"twitter_card":"summary_large_image","twitter_misc":{"Est. reading time":"3 minutes"},"schema":{"@context":"https:\/\/schema.org","@graph":[{"@type":"WebPage","@id":"https:\/\/bizbymartin.com\/","url":"https:\/\/bizbymartin.com\/","name":"BIOGRAF\u00cdA - Ana Elvira Martin Meza","isPartOf":{"@id":"https:\/\/bizbymartin.com\/#website"},"primaryImageOfPage":{"@id":"https:\/\/bizbymartin.com\/#primaryimage"},"image":{"@id":"https:\/\/bizbymartin.com\/#primaryimage"},"thumbnailUrl":"https:\/\/bizbymartin.com\/wp-content\/uploads\/2022\/08\/thumb_IMG_E6147_1024.jpeg","datePublished":"2022-05-24T16:05:06+00:00","dateModified":"2022-11-23T18:04:33+00:00","description":"Ana Elvira Martin Meza Escritora Mexicana Mujer poderosa y creadora","breadcrumb":{"@id":"https:\/\/bizbymartin.com\/#breadcrumb"},"inLanguage":"en-US","potentialAction":[{"@type":"ReadAction","target":["https:\/\/bizbymartin.com\/"]}]},{"@type":"ImageObject","inLanguage":"en-US","@id":"https:\/\/bizbymartin.com\/#primaryimage","url":"https:\/\/bizbymartin.com\/wp-content\/uploads\/2022\/08\/thumb_IMG_E6147_1024.jpeg","contentUrl":"https:\/\/bizbymartin.com\/wp-content\/uploads\/2022\/08\/thumb_IMG_E6147_1024.jpeg","width":240,"height":320},{"@type":"BreadcrumbList","@id":"https:\/\/bizbymartin.com\/#breadcrumb","itemListElement":[{"@type":"ListItem","position":1,"name":"Home","item":"https:\/\/bizbymartin.com\/"},{"@type":"ListItem","position":2,"name":"BIOGRAF\u00cdA"}]},{"@type":"WebSite","@id":"https:\/\/bizbymartin.com\/#website","url":"https:\/\/bizbymartin.com\/","name":"Ana Elvira Martin Meza","description":"Bizby Martin","publisher":{"@id":"https:\/\/bizbymartin.com\/#\/schema\/person\/a8735267575ee2ec9607d57934c0f9c7"},"potentialAction":[{"@type":"SearchAction","target":{"@type":"EntryPoint","urlTemplate":"https:\/\/bizbymartin.com\/?s={search_term_string}"},"query-input":{"@type":"PropertyValueSpecification","valueRequired":true,"valueName":"search_term_string"}}],"inLanguage":"en-US"},{"@type":["Person","Organization"],"@id":"https:\/\/bizbymartin.com\/#\/schema\/person\/a8735267575ee2ec9607d57934c0f9c7","name":"Bizby","image":{"@type":"ImageObject","inLanguage":"en-US","@id":"https:\/\/bizbymartin.com\/#\/schema\/person\/image\/","url":"https:\/\/bizbymartin.com\/wp-content\/uploads\/2022\/03\/lasavesmente12.jpg","contentUrl":"https:\/\/bizbymartin.com\/wp-content\/uploads\/2022\/03\/lasavesmente12.jpg","width":1500,"height":1087,"caption":"Bizby"},"logo":{"@id":"https:\/\/bizbymartin.com\/#\/schema\/person\/image\/"},"sameAs":["http:\/\/bizbymartin.com"]}]}},"jetpack_sharing_enabled":true,"_links":{"self":[{"href":"https:\/\/bizbymartin.com\/index.php\/wp-json\/wp\/v2\/pages\/91","targetHints":{"allow":["GET"]}}],"collection":[{"href":"https:\/\/bizbymartin.com\/index.php\/wp-json\/wp\/v2\/pages"}],"about":[{"href":"https:\/\/bizbymartin.com\/index.php\/wp-json\/wp\/v2\/types\/page"}],"author":[{"embeddable":true,"href":"https:\/\/bizbymartin.com\/index.php\/wp-json\/wp\/v2\/users\/1"}],"replies":[{"embeddable":true,"href":"https:\/\/bizbymartin.com\/index.php\/wp-json\/wp\/v2\/comments?post=91"}],"version-history":[{"count":12,"href":"https:\/\/bizbymartin.com\/index.php\/wp-json\/wp\/v2\/pages\/91\/revisions"}],"predecessor-version":[{"id":131,"href":"https:\/\/bizbymartin.com\/index.php\/wp-json\/wp\/v2\/pages\/91\/revisions\/131"}],"wp:attachment":[{"href":"https:\/\/bizbymartin.com\/index.php\/wp-json\/wp\/v2\/media?parent=91"}],"curies":[{"name":"wp","href":"https:\/\/api.w.org\/{rel}","templated":true}]}}